{"id":37,"date":"2019-02-25T23:39:30","date_gmt":"2019-02-25T22:39:30","guid":{"rendered":"https:\/\/fliesen-linzmaier.de\/?page_id=37"},"modified":"2020-07-08T09:41:02","modified_gmt":"2020-07-08T07:41:02","slug":"leistungen","status":"publish","type":"page","link":"https:\/\/fliesen-linzmaier.de\/?page_id=37","title":{"rendered":"Leistungen"},"content":{"rendered":"<p>[et_pb_section fb_built=&#8220;1&#8243; disabled_on=&#8220;off|off|on&#8220; _builder_version=&#8220;3.19.18&#8243; custom_padding=&#8220;0|0px|0|0px|false|false&#8220;][et_pb_row make_fullwidth=&#8220;on&#8220; use_custom_gutter=&#8220;on&#8220; gutter_width=&#8220;1&#8243; custom_padding=&#8220;0|0px|0|0px|false|false&#8220; make_equal=&#8220;on&#8220; module_class_3=&#8220;vertikal-zentrieren&#8220; _builder_version=&#8220;3.19.18&#8243; background_color=&#8220;#2d2d2d&#8220;][et_pb_column type=&#8220;1_4&#8243; _builder_version=&#8220;3.19.18&#8243;][et_pb_image src=&#8220;https:\/\/fliesen-linzmaier.de\/wp-content\/uploads\/2019\/03\/pg_iw_canaletto_amb1_12030_12020_12015_nat_comm.jpg&#8220; disabled_on=&#8220;on|off|on&#8220; _builder_version=&#8220;3.19.18&#8243;][\/et_pb_image][\/et_pb_column][et_pb_column type=&#8220;1_4&#8243; _builder_version=&#8220;3.19.18&#8243;][et_pb_image src=&#8220;https:\/\/fliesen-linzmaier.de\/wp-content\/uploads\/2019\/03\/pg_iw_acacia_amb1_12020_nat_resid_interno-1.jpg&#8220; _builder_version=&#8220;3.19.18&#8243;][\/et_pb_image][\/et_pb_column][et_pb_column type=&#8220;1_2&#8243; _builder_version=&#8220;3.19.18&#8243;][et_pb_text _builder_version=&#8220;3.19.18&#8243; text_font=&#8220;||||||||&#8220; text_text_color=&#8220;#ffffff&#8220; header_font=&#8220;||||||||&#8220; header_text_color=&#8220;#ffffff&#8220; header_font_size=&#8220;34px&#8220; custom_margin=&#8220;15px||15px&#8220;]<\/p>\n<h1 style=\"text-align: center;\">Leistungen<\/h1>\n<p>[\/et_pb_text][\/et_pb_column][\/et_pb_row][\/et_pb_section][et_pb_section fb_built=&#8220;1&#8243; disabled_on=&#8220;on|on|off&#8220; _builder_version=&#8220;3.19.18&#8243; background_color=&#8220;#2d2d2d&#8220; custom_padding=&#8220;0|0px|0|0px|false|false&#8220; top_divider_color=&#8220;#51840a&#8220; bottom_divider_style=&#8220;ramp&#8220; bottom_divider_color=&#8220;#fdfdff&#8220; bottom_divider_flip=&#8220;horizontal&#8220;][et_pb_row make_fullwidth=&#8220;on&#8220; use_custom_gutter=&#8220;on&#8220; gutter_width=&#8220;1&#8243; custom_padding=&#8220;27px|0px|40px|0px|false|false&#8220; make_equal=&#8220;on&#8220; module_class_3=&#8220;vertikal-zentrieren&#8220; _builder_version=&#8220;3.19.18&#8243;][et_pb_column type=&#8220;1_4&#8243; _builder_version=&#8220;3.19.18&#8243;][et_pb_image src=&#8220;https:\/\/fliesen-linzmaier.de\/wp-content\/uploads\/2019\/03\/pg_iw_canaletto_amb1_12030_12020_12015_nat_comm.jpg&#8220; _builder_version=&#8220;3.19.18&#8243;][\/et_pb_image][\/et_pb_column][et_pb_column type=&#8220;1_4&#8243; _builder_version=&#8220;3.19.18&#8243;][et_pb_image src=&#8220;https:\/\/fliesen-linzmaier.de\/wp-content\/uploads\/2019\/03\/pg_iw_acacia_amb1_12020_nat_resid_interno-1.jpg&#8220; _builder_version=&#8220;3.19.18&#8243;][\/et_pb_image][\/et_pb_column][et_pb_column type=&#8220;1_2&#8243; _builder_version=&#8220;3.19.18&#8243;][et_pb_text _builder_version=&#8220;3.19.18&#8243; text_font=&#8220;||||||||&#8220; text_text_color=&#8220;#ffffff&#8220; header_font=&#8220;||||||||&#8220; header_text_color=&#8220;#ffffff&#8220; header_font_size=&#8220;34px&#8220;]<\/p>\n<h1 style=\"text-align: center;\">Leistungen<\/h1>\n<p>[\/et_pb_text][\/et_pb_column][\/et_pb_row][\/et_pb_section][et_pb_section fb_built=&#8220;1&#8243; _builder_version=&#8220;3.19.18&#8243; custom_padding=&#8220;28px|0px|0|0px|false|false&#8220;][\/et_pb_section][et_pb_section fb_built=&#8220;1&#8243; _builder_version=&#8220;3.19.18&#8243; custom_padding=&#8220;0|0px|10px|0px|false|false&#8220;][et_pb_row use_custom_width=&#8220;on&#8220; custom_width_px=&#8220;1270px&#8220; custom_padding=&#8220;0|0px|0|0px|false|false&#8220; make_equal=&#8220;on&#8220; module_class_1=&#8220;vertikal-zentrieren&#8220; module_class_2=&#8220;vertikal-zentrieren&#8220; _builder_version=&#8220;3.19.18&#8243; background_color=&#8220;#2d2d2d&#8220;][et_pb_column type=&#8220;1_2&#8243; _builder_version=&#8220;3.19.18&#8243;][et_pb_image src=&#8220;https:\/\/fliesen-linzmaier.de\/wp-content\/uploads\/2019\/03\/pg_ss_black_chiffon_close-up_3.jpg&#8220; _builder_version=&#8220;3.19.18&#8243;][\/et_pb_image][\/et_pb_column][et_pb_column type=&#8220;1_2&#8243; _builder_version=&#8220;3.19.18&#8243;][et_pb_text _builder_version=&#8220;3.19.18&#8243; text_font=&#8220;|600|||||||&#8220; text_text_color=&#8220;#fdfdff&#8220; text_font_size=&#8220;16px&#8220; header_font=&#8220;||||||||&#8220; header_text_color=&#8220;#fdfdff&#8220; header_2_font=&#8220;||||||||&#8220; header_2_text_color=&#8220;#fdfdff&#8220; custom_padding=&#8220;||&#8220; custom_padding_tablet=&#8220;10px|30px|10px|30px&#8220; custom_padding_phone=&#8220;10px||10px|20px&#8220; custom_padding_last_edited=&#8220;on|desktop&#8220;]<\/p>\n<h2>Verlegeservice<\/h2>\n<p>Zu unserem Leistungsspektrum geh\u00f6ren Fliesen- und Natursteinarbeiten folgender Bereiche:<\/p>\n<ul>\n<li>Balkone<\/li>\n<li>Terrassen<\/li>\n<li>Schwimmb\u00e4der<\/li>\n<li>Renovierungsarbeiten<\/li>\n<li>Neubauten<\/li>\n<li>individuelle Kachel\u00f6fen<\/li>\n<\/ul>\n<p>[\/et_pb_text][\/et_pb_column][\/et_pb_row][et_pb_row custom_padding=&#8220;62px|0px|19px|0px|false|false&#8220; _builder_version=&#8220;3.19.18&#8243;][et_pb_column type=&#8220;4_4&#8243; _builder_version=&#8220;3.19.18&#8243;][et_pb_divider divider_style=&#8220;dashed&#8220; divider_weight=&#8220;3px&#8220; _builder_version=&#8220;3.19.18&#8243;][\/et_pb_divider][\/et_pb_column][\/et_pb_row][et_pb_row use_custom_width=&#8220;on&#8220; custom_width_px=&#8220;1270px&#8220; custom_padding=&#8220;27px|0px|30px|0px|false|false&#8220; make_equal=&#8220;on&#8220; module_class_1=&#8220;vertikal-zentrieren&#8220; module_class_2=&#8220;vertikal-zentrieren&#8220; _builder_version=&#8220;3.19.18&#8243;][et_pb_column type=&#8220;3_5&#8243; _builder_version=&#8220;3.19.18&#8243;][et_pb_text _builder_version=&#8220;3.19.18&#8243; text_font=&#8220;|600|||||||&#8220; text_text_color=&#8220;#fdfdff&#8220; header_font=&#8220;||||||||&#8220; header_text_color=&#8220;#fdfdff&#8220; header_2_font=&#8220;||||||||&#8220; header_2_text_color=&#8220;#fdfdff&#8220; background_color=&#8220;#2d2d2d&#8220; custom_padding=&#8220;|50px||50px&#8220;]<\/p>\n<p>&nbsp;<\/p>\n<h2>Woher stammen unsere Fliesen?<\/h2>\n<p>Unsere Fliesen des Herstellers Porcelaingres beziehen wir aus dem sehr bekannten Konzern <a href=\"https:\/\/www.schoener-wohnen.de\/\" target=\"_blank\" rel=\"noopener noreferrer\">&#8222;Sch\u00f6ner Wohnen&#8220;<\/a>.<\/p>\n<p>Wir verwenden folgende Arten von Fliesen: color-studio, great metastone, in Wood, Royal stone, silk stone, soft-concrete, urban, urban-great<\/p>\n<p>&nbsp;<\/p>\n<p>[\/et_pb_text][\/et_pb_column][et_pb_column type=&#8220;2_5&#8243; _builder_version=&#8220;3.19.18&#8243;][et_pb_image src=&#8220;https:\/\/fliesen-linzmaier.de\/wp-content\/uploads\/2019\/03\/DE_SW_FLIESEN_sRGB.png&#8220; _builder_version=&#8220;3.19.18&#8243; max_width=&#8220;78%&#8220;][\/et_pb_image][\/et_pb_column][\/et_pb_row][\/et_pb_section][et_pb_section fb_built=&#8220;1&#8243; _builder_version=&#8220;3.19.18&#8243; custom_padding=&#8220;0|0px|54px|0px|false|false&#8220;][et_pb_row make_fullwidth=&#8220;on&#8220; custom_padding=&#8220;45px|0px|27px|0px|false|false&#8220; _builder_version=&#8220;3.19.18&#8243;][et_pb_column type=&#8220;1_4&#8243; _builder_version=&#8220;3.19.18&#8243;][et_pb_blurb title=&#8220;color-studio&#8220; image=&#8220;https:\/\/fliesen-linzmaier.de\/wp-content\/uploads\/2019\/03\/pg_cs_cream_sage_amb7.jpg&#8220; _builder_version=&#8220;3.19.18&#8243; header_font=&#8220;||||||||&#8220; header_text_align=&#8220;center&#8220; header_text_color=&#8220;#ffffff&#8220; header_letter_spacing=&#8220;2px&#8220; background_color=&#8220;#2d2d2d&#8220; custom_padding=&#8220;||15px&#8220;][\/et_pb_blurb][\/et_pb_column][et_pb_column type=&#8220;1_4&#8243; _builder_version=&#8220;3.19.18&#8243;][et_pb_blurb title=&#8220;great metastone&#8220; image=&#8220;https:\/\/fliesen-linzmaier.de\/wp-content\/uploads\/2019\/03\/pg_iw_canaletto_amb1_12030_12020_12015_nat_comm.jpg&#8220; _builder_version=&#8220;3.19.18&#8243; header_font=&#8220;||||||||&#8220; header_text_align=&#8220;center&#8220; header_text_color=&#8220;#ffffff&#8220; header_letter_spacing=&#8220;2px&#8220; background_color=&#8220;#2d2d2d&#8220; custom_padding=&#8220;||15px&#8220;][\/et_pb_blurb][\/et_pb_column][et_pb_column type=&#8220;1_4&#8243; _builder_version=&#8220;3.19.18&#8243;][et_pb_blurb title=&#8220;in Wood&#8220; image=&#8220;https:\/\/fliesen-linzmaier.de\/wp-content\/uploads\/2019\/03\/pg_iw_acacia_amb1_12020_nat_resid_interno-1.jpg&#8220; _builder_version=&#8220;3.19.18&#8243; header_font=&#8220;||||||||&#8220; header_text_align=&#8220;center&#8220; header_text_color=&#8220;#ffffff&#8220; header_letter_spacing=&#8220;2px&#8220; background_color=&#8220;#2d2d2d&#8220; custom_padding=&#8220;||15px&#8220;][\/et_pb_blurb][\/et_pb_column][et_pb_column type=&#8220;1_4&#8243; _builder_version=&#8220;3.19.18&#8243;][et_pb_blurb title=&#8220;Royal stone&#8220; image=&#8220;https:\/\/fliesen-linzmaier.de\/wp-content\/uploads\/2019\/03\/pg_rs_imperial-brown_noble-beige_set.jpg&#8220; _builder_version=&#8220;3.19.18&#8243; header_font=&#8220;||||||||&#8220; header_text_align=&#8220;center&#8220; header_text_color=&#8220;#ffffff&#8220; header_letter_spacing=&#8220;2px&#8220; background_color=&#8220;#2d2d2d&#8220; custom_padding=&#8220;||15px&#8220;][\/et_pb_blurb][\/et_pb_column][\/et_pb_row][et_pb_row make_fullwidth=&#8220;on&#8220; _builder_version=&#8220;3.19.18&#8243;][et_pb_column type=&#8220;1_4&#8243; _builder_version=&#8220;3.19.18&#8243;][et_pb_blurb title=&#8220;silk stone&#8220; image=&#8220;https:\/\/fliesen-linzmaier.de\/wp-content\/uploads\/2019\/03\/beige_negozio.jpg&#8220; _builder_version=&#8220;3.19.18&#8243; header_font=&#8220;||||||||&#8220; header_text_align=&#8220;center&#8220; header_text_color=&#8220;#ffffff&#8220; header_letter_spacing=&#8220;2px&#8220; background_color=&#8220;#2d2d2d&#8220; custom_padding=&#8220;||15px&#8220;][\/et_pb_blurb][\/et_pb_column][et_pb_column type=&#8220;1_4&#8243; _builder_version=&#8220;3.19.18&#8243;][et_pb_blurb title=&#8220;soft-concrete&#8220; image=&#8220;https:\/\/fliesen-linzmaier.de\/wp-content\/uploads\/2019\/03\/AMB-06_Soft-Iron-Silver-hexagon_Pubblico_HR.jpg&#8220; _builder_version=&#8220;3.19.18&#8243; header_font=&#8220;||||||||&#8220; header_text_align=&#8220;center&#8220; header_text_color=&#8220;#ffffff&#8220; header_letter_spacing=&#8220;2px&#8220; background_color=&#8220;#2d2d2d&#8220; custom_padding=&#8220;||15px&#8220;][\/et_pb_blurb][\/et_pb_column][et_pb_column type=&#8220;1_4&#8243; _builder_version=&#8220;3.19.18&#8243;][et_pb_blurb title=&#8220;urban&#8220; image=&#8220;https:\/\/fliesen-linzmaier.de\/wp-content\/uploads\/2019\/03\/pg_iw_mulberry_amb1_12020_nat_resid_cucina.jpg&#8220; _builder_version=&#8220;3.19.18&#8243; header_font=&#8220;||||||||&#8220; header_text_align=&#8220;center&#8220; header_text_color=&#8220;#ffffff&#8220; header_letter_spacing=&#8220;2px&#8220; background_color=&#8220;#2d2d2d&#8220; custom_padding=&#8220;||15px&#8220;][\/et_pb_blurb][\/et_pb_column][et_pb_column type=&#8220;1_4&#8243; _builder_version=&#8220;3.19.18&#8243;][et_pb_blurb title=&#8220;urban-great&#8220; image=&#8220;https:\/\/fliesen-linzmaier.de\/wp-content\/uploads\/2019\/03\/AMB-03_Living_Ivory_Dove_HR-1.jpg&#8220; _builder_version=&#8220;3.19.18&#8243; header_font=&#8220;||||||||&#8220; header_text_align=&#8220;center&#8220; header_text_color=&#8220;#ffffff&#8220; header_letter_spacing=&#8220;2px&#8220; background_color=&#8220;#2d2d2d&#8220; custom_padding=&#8220;||15px&#8220;][\/et_pb_blurb][\/et_pb_column][\/et_pb_row][\/et_pb_section]<\/p>\n","protected":false},"excerpt":{"rendered":"<p>LeistungenLeistungenVerlegeservice Zu unserem Leistungsspektrum geh\u00f6ren Fliesen- und Natursteinarbeiten folgender Bereiche: Balkone Terrassen Schwimmb\u00e4der Renovierungsarbeiten Neubauten individuelle Kachel\u00f6fen &nbsp; Woher stammen unsere Fliesen? Unsere Fliesen des Herstellers Porcelaingres beziehen wir aus dem sehr bekannten Konzern &#8222;Sch\u00f6ner Wohnen&#8220;. Wir verwenden folgende Arten von Fliesen: color-studio, great metastone, in Wood, Royal stone, silk stone, soft-concrete, urban, urban-great &nbsp;<\/p>\n","protected":false},"author":1,"featured_media":0,"parent":0,"menu_order":0,"comment_status":"closed","ping_status":"closed","template":"","meta":{"_et_pb_use_builder":"on","_et_pb_old_content":"","_et_gb_content_width":"","footnotes":""},"class_list":["post-37","page","type-page","status-publish","hentry"],"_links":{"self":[{"href":"https:\/\/fliesen-linzmaier.de\/index.php?rest_route=\/wp\/v2\/pages\/37","targetHints":{"allow":["GET"]}}],"collection":[{"href":"https:\/\/fliesen-linzmaier.de\/index.php?rest_route=\/wp\/v2\/pages"}],"about":[{"href":"https:\/\/fliesen-linzmaier.de\/index.php?rest_route=\/wp\/v2\/types\/page"}],"author":[{"embeddable":true,"href":"https:\/\/fliesen-linzmaier.de\/index.php?rest_route=\/wp\/v2\/users\/1"}],"replies":[{"embeddable":true,"href":"https:\/\/fliesen-linzmaier.de\/index.php?rest_route=%2Fwp%2Fv2%2Fcomments&post=37"}],"version-history":[{"count":26,"href":"https:\/\/fliesen-linzmaier.de\/index.php?rest_route=\/wp\/v2\/pages\/37\/revisions"}],"predecessor-version":[{"id":372,"href":"https:\/\/fliesen-linzmaier.de\/index.php?rest_route=\/wp\/v2\/pages\/37\/revisions\/372"}],"wp:attachment":[{"href":"https:\/\/fliesen-linzmaier.de\/index.php?rest_route=%2Fwp%2Fv2%2Fmedia&parent=37"}],"curies":[{"name":"wp","href":"https:\/\/api.w.org\/{rel}","templated":true}]}}