{"id":33,"date":"2019-02-25T23:22:04","date_gmt":"2019-02-25T22:22:04","guid":{"rendered":"https:\/\/fliesen-linzmaier.de\/?page_id=33"},"modified":"2020-07-08T09:36:29","modified_gmt":"2020-07-08T07:36:29","slug":"philosophie","status":"publish","type":"page","link":"https:\/\/fliesen-linzmaier.de\/?page_id=33","title":{"rendered":"Philosophie"},"content":{"rendered":"<p>[et_pb_section fb_built=&#8220;1&#8243; disabled_on=&#8220;off|off|on&#8220; _builder_version=&#8220;3.19.18&#8243; custom_padding=&#8220;0|0px|0|0px|false|false&#8220;][et_pb_row make_fullwidth=&#8220;on&#8220; use_custom_gutter=&#8220;on&#8220; gutter_width=&#8220;1&#8243; custom_padding=&#8220;0|0px|0|0px|false|false&#8220; make_equal=&#8220;on&#8220; module_class_3=&#8220;vertikal-zentrieren&#8220; _builder_version=&#8220;3.19.18&#8243; background_color=&#8220;#2d2d2d&#8220;][et_pb_column type=&#8220;1_4&#8243; _builder_version=&#8220;3.19.18&#8243;][et_pb_image src=&#8220;https:\/\/fliesen-linzmaier.de\/wp-content\/uploads\/2019\/03\/pg_cs_powder_amb4.jpg&#8220; disabled_on=&#8220;on|off|on&#8220; _builder_version=&#8220;3.19.18&#8243;][\/et_pb_image][\/et_pb_column][et_pb_column type=&#8220;1_4&#8243; _builder_version=&#8220;3.19.18&#8243;][et_pb_image src=&#8220;https:\/\/fliesen-linzmaier.de\/wp-content\/uploads\/2019\/03\/pg_iw_black_oak_amb1_12020_nat_resid_living.jpg&#8220; _builder_version=&#8220;3.19.18&#8243;][\/et_pb_image][\/et_pb_column][et_pb_column type=&#8220;1_2&#8243; _builder_version=&#8220;3.19.18&#8243;][et_pb_text _builder_version=&#8220;3.19.18&#8243; text_font=&#8220;||||||||&#8220; text_text_color=&#8220;#ffffff&#8220; header_font=&#8220;||||||||&#8220; header_text_color=&#8220;#ffffff&#8220; header_font_size=&#8220;34px&#8220; custom_margin=&#8220;15px||15px&#8220;]<\/p>\n<h1 style=\"text-align: center;\">Philosophie<\/h1>\n<p>[\/et_pb_text][\/et_pb_column][\/et_pb_row][\/et_pb_section][et_pb_section fb_built=&#8220;1&#8243; disabled_on=&#8220;on|on|off&#8220; _builder_version=&#8220;3.19.18&#8243; background_color=&#8220;#2d2d2d&#8220; custom_padding=&#8220;0|0px|0|0px|false|false&#8220; top_divider_color=&#8220;#51840a&#8220; bottom_divider_style=&#8220;ramp&#8220; bottom_divider_color=&#8220;#fdfdff&#8220; bottom_divider_flip=&#8220;horizontal&#8220;][et_pb_row make_fullwidth=&#8220;on&#8220; use_custom_gutter=&#8220;on&#8220; gutter_width=&#8220;1&#8243; custom_padding=&#8220;27px|0px|40px|0px|false|false&#8220; make_equal=&#8220;on&#8220; module_class_3=&#8220;vertikal-zentrieren&#8220; _builder_version=&#8220;3.19.18&#8243;][et_pb_column type=&#8220;1_4&#8243; _builder_version=&#8220;3.19.18&#8243;][et_pb_image src=&#8220;https:\/\/fliesen-linzmaier.de\/wp-content\/uploads\/2019\/03\/pg_cs_powder_amb4.jpg&#8220; _builder_version=&#8220;3.19.18&#8243;][\/et_pb_image][\/et_pb_column][et_pb_column type=&#8220;1_4&#8243; _builder_version=&#8220;3.19.18&#8243;][et_pb_image src=&#8220;https:\/\/fliesen-linzmaier.de\/wp-content\/uploads\/2019\/03\/pg_iw_black_oak_amb1_12020_nat_resid_living.jpg&#8220; _builder_version=&#8220;3.19.18&#8243;][\/et_pb_image][\/et_pb_column][et_pb_column type=&#8220;1_2&#8243; _builder_version=&#8220;3.19.18&#8243;][et_pb_text _builder_version=&#8220;3.19.18&#8243; text_font=&#8220;||||||||&#8220; text_text_color=&#8220;#ffffff&#8220; header_font=&#8220;||||||||&#8220; header_text_color=&#8220;#ffffff&#8220; header_font_size=&#8220;34px&#8220;]<\/p>\n<h1 style=\"text-align: center;\">Philosophie<\/h1>\n<p>[\/et_pb_text][\/et_pb_column][\/et_pb_row][\/et_pb_section][et_pb_section fb_built=&#8220;1&#8243; _builder_version=&#8220;3.19.18&#8243;][et_pb_row use_custom_width=&#8220;on&#8220; custom_width_px=&#8220;1270px&#8220; custom_padding=&#8220;0|0px|0|0px|false|false&#8220; make_equal=&#8220;on&#8220; module_class_1=&#8220;vertikal-zentrieren&#8220; module_class_2=&#8220;vertikal-zentrieren&#8220; _builder_version=&#8220;3.19.18&#8243; background_color=&#8220;#2d2d2d&#8220;][et_pb_column type=&#8220;1_2&#8243; _builder_version=&#8220;3.19.18&#8243;][et_pb_image src=&#8220;https:\/\/fliesen-linzmaier.de\/wp-content\/uploads\/2019\/03\/pg_ss_black_chiffon_close-up_3.jpg&#8220; _builder_version=&#8220;3.19.18&#8243;][\/et_pb_image][\/et_pb_column][et_pb_column type=&#8220;1_2&#8243; _builder_version=&#8220;3.19.18&#8243;][et_pb_text _builder_version=&#8220;3.19.18&#8243; text_font=&#8220;|600|||||||&#8220; text_text_color=&#8220;#fdfdff&#8220; text_font_size=&#8220;16px&#8220; header_font=&#8220;||||||||&#8220; header_text_color=&#8220;#fdfdff&#8220; header_2_font=&#8220;||||||||&#8220; header_2_text_color=&#8220;#fdfdff&#8220; custom_padding=&#8220;||&#8220; custom_padding_tablet=&#8220;10px|30px|10px|30px&#8220; custom_padding_phone=&#8220;10px||10px|20px&#8220; custom_padding_last_edited=&#8220;on|desktop&#8220;]<\/p>\n<h2>Verlegeservice<\/h2>\n<p>Zu unserem Leistungsspektrum geh\u00f6ren Fliesen- und Natursteinarbeiten folgender Bereiche:<\/p>\n<ul>\n<li>Balkone<\/li>\n<li>Terrassen<\/li>\n<li>Schwimmb\u00e4der<\/li>\n<li>Renovierungsarbeiten<\/li>\n<li>Neubauten<\/li>\n<li>individuelle Kachel\u00f6fen<\/li>\n<\/ul>\n<p>[\/et_pb_text][\/et_pb_column][\/et_pb_row][\/et_pb_section][et_pb_section fb_built=&#8220;1&#8243; _builder_version=&#8220;3.19.18&#8243; background_color=&#8220;#2d2d2d&#8220; custom_padding=&#8220;0|0px|0|0px|false|false&#8220;][et_pb_row use_custom_width=&#8220;on&#8220; custom_width_px=&#8220;1351px&#8220; _builder_version=&#8220;3.19.18&#8243;][et_pb_column type=&#8220;1_4&#8243; _builder_version=&#8220;3.19.18&#8243;][et_pb_image src=&#8220;https:\/\/fliesen-linzmaier.de\/wp-content\/uploads\/2019\/03\/Hartinger-Schwanenreit-2-2.jpg&#8220; _builder_version=&#8220;3.19.18&#8243;][\/et_pb_image][\/et_pb_column][et_pb_column type=&#8220;1_4&#8243; _builder_version=&#8220;3.19.18&#8243;][et_pb_image src=&#8220;https:\/\/fliesen-linzmaier.de\/wp-content\/uploads\/2019\/03\/Holzbauer-Eidsberg-1-1.jpg&#8220; _builder_version=&#8220;3.19.18&#8243;][\/et_pb_image][\/et_pb_column][et_pb_column type=&#8220;1_4&#8243; _builder_version=&#8220;3.19.18&#8243;][et_pb_image src=&#8220;https:\/\/fliesen-linzmaier.de\/wp-content\/uploads\/2019\/03\/Holzbauer-Eidsberg-2.jpg&#8220; _builder_version=&#8220;3.19.18&#8243;][\/et_pb_image][\/et_pb_column][et_pb_column type=&#8220;1_4&#8243; _builder_version=&#8220;3.19.18&#8243;][et_pb_image src=&#8220;https:\/\/fliesen-linzmaier.de\/wp-content\/uploads\/2019\/03\/Holzbauer-Eidsberg-3.jpg&#8220; _builder_version=&#8220;3.19.18&#8243;][\/et_pb_image][\/et_pb_column][\/et_pb_row][\/et_pb_section]<\/p>\n","protected":false},"excerpt":{"rendered":"<p>PhilosophiePhilosophieVerlegeservice Zu unserem Leistungsspektrum geh\u00f6ren Fliesen- und Natursteinarbeiten folgender Bereiche: Balkone Terrassen Schwimmb\u00e4der Renovierungsarbeiten Neubauten individuelle Kachel\u00f6fen<\/p>\n","protected":false},"author":1,"featured_media":0,"parent":0,"menu_order":0,"comment_status":"closed","ping_status":"closed","template":"","meta":{"_et_pb_use_builder":"on","_et_pb_old_content":"","_et_gb_content_width":"","footnotes":""},"class_list":["post-33","page","type-page","status-publish","hentry"],"_links":{"self":[{"href":"https:\/\/fliesen-linzmaier.de\/index.php?rest_route=\/wp\/v2\/pages\/33","targetHints":{"allow":["GET"]}}],"collection":[{"href":"https:\/\/fliesen-linzmaier.de\/index.php?rest_route=\/wp\/v2\/pages"}],"about":[{"href":"https:\/\/fliesen-linzmaier.de\/index.php?rest_route=\/wp\/v2\/types\/page"}],"author":[{"embeddable":true,"href":"https:\/\/fliesen-linzmaier.de\/index.php?rest_route=\/wp\/v2\/users\/1"}],"replies":[{"embeddable":true,"href":"https:\/\/fliesen-linzmaier.de\/index.php?rest_route=%2Fwp%2Fv2%2Fcomments&post=33"}],"version-history":[{"count":11,"href":"https:\/\/fliesen-linzmaier.de\/index.php?rest_route=\/wp\/v2\/pages\/33\/revisions"}],"predecessor-version":[{"id":369,"href":"https:\/\/fliesen-linzmaier.de\/index.php?rest_route=\/wp\/v2\/pages\/33\/revisions\/369"}],"wp:attachment":[{"href":"https:\/\/fliesen-linzmaier.de\/index.php?rest_route=%2Fwp%2Fv2%2Fmedia&parent=33"}],"curies":[{"name":"wp","href":"https:\/\/api.w.org\/{rel}","templated":true}]}}